{"id":4245,"date":"2022-09-05T11:28:18","date_gmt":"2022-09-05T11:28:18","guid":{"rendered":"https:\/\/www.teatroprincipaldealicante.com\/royal-visits-and-celebrities\/"},"modified":"2022-09-16T08:14:16","modified_gmt":"2022-09-16T08:14:16","slug":"royal-visits-and-celebrities","status":"publish","type":"page","link":"https:\/\/www.teatroprincipaldealicante.com\/en\/royal-visits-and-celebrities\/","title":{"rendered":"Royal visits and celebrities"},"content":{"rendered":"\n<h3 class=\"wp-block-heading\">Royal Visits<\/h3>\n\n<p>Throughout its history, the Teatro Principal has received several royal visits: Amadeo I on March 15, 1871, Isabel II on March 26, 1858, Alfonso XIII on January 17, 1909, Sofia of Greece on May 6, 1991 and Juan Carlos and Sofia on April 18, 1995.<\/p>\n\n<h3 class=\"wp-block-heading\">Performing Arts and Music Personalities<\/h3>\n\n<p>Since its inauguration, the Teatro Principal has been a place of great significance for the city. Countless important activities have been carried out there. Suffice it to mention the relevant figures of the performing arts and music who have performed there:<br\/><br\/>Margarita Xirgu, Juli\u00e1n Gayarre, Juli\u00e1n Romea, Mar\u00eda Guerrero, Sagi-Barba, Jos\u00e9 and Mar\u00eda Isbert, Marcos Redondo, Pablo Sarasate, Pastora Imperio, Lola Flores, Valeriano Le\u00f3n, Aurora Redondo, Mar\u00eda Fernanda Ladr\u00f3n de Guevara, Amparo Rivelles, Concha Piquer, Juanita Reina, Andr\u00e9s Segovia, Narciso Yepes, Mar\u00eda Asquerino, Fernando Fern\u00e1n G\u00f3mez, Arthur Rubinstein, Mary Carrillo, Ismael Merlo, Alberto Closas, Jos\u00e9 Mar\u00eda Rodero, Concha Velasco, Joaqu\u00edn Cort\u00e9s, Aitana S\u00e1nchez Gij\u00f3n, Irene and Julia Gutierrez Caba, Jos\u00e9 Luis L\u00f3pez V\u00e1zquez, Mar\u00eda Jes\u00fas Vald\u00e9s, Antonio Gades, Victor Ullate, Ainhoa Arteta, Federico Luppi, Nuria Esp\u00e9rt, Adolfo Marsillach, Norma Alejandro, \u00c1ngel Corella, Mar\u00eda Gimenez, Julio Bocca, Antonio Canales, Rosa M\u00aa Sard\u00e0, Lola Herrera, Juan Echanove, Natalia Dicenta, Jos\u00e9 M\u00aa Pou, Jos\u00e9 Sacrist\u00e1n, Lindsay Kemp, Ana M\u00aa S\u00e1nchez, Jos\u00e9 Sempere&#8230;<br\/><br\/>As well as formations of great scenic significance such as:<br\/>Els Joglars, Tricicle, Dagoll Dagom and Teatre Lliure.<\/p>\n","protected":false},"excerpt":{"rendered":"<p>Royal Visits Throughout its history, the Teatro Principal has received several royal visits: Amadeo I on March 15, 1871, Isabel II on March 26, 1858, Alfonso XIII on January 17, 1909, Sofia of Greece on May 6, 1991 and Juan Carlos and Sofia on April 18, 1995. Performing Arts and Music Personalities Since its inauguration, [&hellip;]<\/p>\n","protected":false},"author":1,"featured_media":0,"parent":0,"menu_order":0,"comment_status":"closed","ping_status":"closed","template":"","meta":{"footnotes":""},"class_list":["post-4245","page","type-page","status-publish","hentry"],"_links":{"self":[{"href":"https:\/\/www.teatroprincipaldealicante.com\/en\/wp-json\/wp\/v2\/pages\/4245","targetHints":{"allow":["GET"]}}],"collection":[{"href":"https:\/\/www.teatroprincipaldealicante.com\/en\/wp-json\/wp\/v2\/pages"}],"about":[{"href":"https:\/\/www.teatroprincipaldealicante.com\/en\/wp-json\/wp\/v2\/types\/page"}],"author":[{"embeddable":true,"href":"https:\/\/www.teatroprincipaldealicante.com\/en\/wp-json\/wp\/v2\/users\/1"}],"replies":[{"embeddable":true,"href":"https:\/\/www.teatroprincipaldealicante.com\/en\/wp-json\/wp\/v2\/comments?post=4245"}],"version-history":[{"count":1,"href":"https:\/\/www.teatroprincipaldealicante.com\/en\/wp-json\/wp\/v2\/pages\/4245\/revisions"}],"predecessor-version":[{"id":4246,"href":"https:\/\/www.teatroprincipaldealicante.com\/en\/wp-json\/wp\/v2\/pages\/4245\/revisions\/4246"}],"wp:attachment":[{"href":"https:\/\/www.teatroprincipaldealicante.com\/en\/wp-json\/wp\/v2\/media?parent=4245"}],"curies":[{"name":"wp","href":"https:\/\/api.w.org\/{rel}","templated":true}]}}