{"id":3652,"date":"2022-09-05T10:26:12","date_gmt":"2022-09-05T10:26:12","guid":{"rendered":"https:\/\/www.teatroprincipaldealicante.com\/normes-generals\/"},"modified":"2022-09-15T16:05:06","modified_gmt":"2022-09-15T16:05:06","slug":"normes-generals","status":"publish","type":"page","link":"https:\/\/www.teatroprincipaldealicante.com\/val\/normes-generals\/","title":{"rendered":"Normes Generals"},"content":{"rendered":"\n<h3 class=\"wp-block-heading\">ENTRADES<\/h3>\n\n<p>Comprove les seues entrades en taquilla (data, lloc, zona\u2026). Una vegada adquirides, no s\u2019admeten canvis de localitats. \u00danicament s\u2019admet devoluci\u00f3 de l\u2019import de la localitat per suspensi\u00f3 o ajornament de la representaci\u00f3. Guarde les seues localitats fins al final de l\u2019espectacle, podran ser requerides pel responsable de la sala.<\/p>\n\n<h3 class=\"wp-block-heading\">ASSIST\u00c8NCIA<\/h3>\n\n<p>No es podr\u00e0 accedir a la sala una vegada comen\u00e7ada la representaci\u00f3. Est\u00e0 prohibit l&#8217;\u00fas de m\u00f2bils, c\u00e0meres, capdavanters l\u00e0ser o qualsevol tipus d&#8217;enregistrament audiovisual, aix\u00ed com beure i menjar a l&#8217;interior de la sala. No es permet l\u2019entrada a mascotes excepte gossos-guia. El Teatre es reserva el dret de reubicaci\u00f3 de la localitat si les necessitats t\u00e8cniques inherents al muntatge el requereixen. M\u00e9s informaci\u00f3 en www.teatroprincipaldealicante.com<\/p>\n\n<h3 class=\"wp-block-heading\">MOBILITAT REDU\u00cfDA<\/h3>\n\n<p>Les persones amb mobilitat redu\u00efda disposen d\u2019un espai reservat i limitat en el Teatre. Per a qualsevol informaci\u00f3 sobre aquest tema disposen del tel\u00e8fon d&#8217;atenci\u00f3 965 202 380. Preguem que en cas que s\u2019accedisca al Teatre mitjan\u00e7ant cadira de rodes s\u2019informe d\u2019aix\u00f2 amb anterioritat.<\/p>\n\n<h3 class=\"wp-block-heading\">EDAT M\u00cdNIMA D\u2019ASSIST\u00c8NCIA<\/h3>\n\n<p>De conformitat amb el pla d\u2019evacuaci\u00f3 del Teatre, tots els espectadors estan obligats a adquirir i ocupar una butaca independentment de la seua edat. L\u2019edat m\u00ednima d\u2019assist\u00e8ncia als esdeveniments del Teatre \u00e9s de dos anys, excepte per als esdeveniments infantils. Els menors de 14 anys hauran d\u2019anar acompanyats d\u2019una persona adulta.<\/p>\n\n<h3 class=\"wp-block-heading\">DESCOMPTES<\/h3>\n\n<ul class=\"wp-block-list\"><li>Majors de 65 anys: 25% (tots els sectors i en totes les funcions on es consigne)<\/li><li>Menors de 25 anys: 25% (tots els sectors i en totes les funcions on es consigne)<\/li><li>Desocupats: 15% (tots els sectors i en totes les funcions on es consigne)<\/li><li>Estudiants universitaris: 30% (tots els sectors i totes les funcions on es consigne)<\/li><li>Estudiants de DANSA: 20% (tots els sectors i en totes les funcions on es consigne)<\/li><li>Estudiants de TEATRE (50% en Amfiteatre en els esdeveniments que es consigne)<\/li><li>Bono TEATRE: 180 \u20ac. 10 entrades de TEATRE nom\u00e9s en butaca de pati i Butaca de Club.<\/li><\/ul>\n\n<p>Per a acreditar el dret al descompte, caldr\u00e0 presentar en cada cas la documentaci\u00f3 pertinent (DNI, carnet d\u2019estudiant, certificat d\u2019aturat, etc.). L\u2019acreditaci\u00f3 haur\u00e0 de realitzar-se a la porta abans de cada representaci\u00f3. Els descomptes no s\u00f3n acumulables. No s\u00f3n acumulables tampoc els descomptes amb els abonaments.<\/p>\n\n<p><strong>Grups:<\/strong>es considerar\u00e0 grup a la petici\u00f3 d\u2019entrades per a un m\u00ednim de 15 persones del mateix esdeveniment en la mateixa sessi\u00f3. Per a adquirir aqueixes entrades, pose\u2019s en contacte amb el Teatre mitjan\u00e7ant el tel\u00e8fon 965 202 380 o escriga a: <a href=\"mailto:informacion@teatroprincipaldealicante.com\">informacion@teatroprincipaldealicante.com<\/a><\/p>\n\n<h3 class=\"wp-block-heading\">VENDA D\u2019ENTRADES<\/h3>\n\n<p>En taquilla: <strong>de 12 a 14 h i de 17 a 21 h<\/strong><br\/>Dilluns tancat.<br\/>Per tel\u00e8fon <strong>965 202 380<\/strong> (mitjan\u00e7ant qualsevol targeta banc\u00e0ria )<br\/>En www.teatroprincipaldealicante.com<\/p>\n\n<h3 class=\"wp-block-heading\">APARCAMENT<\/h3>\n\n<p>La Monta\u00f1eta P\u00e0rquing: pot obtindre descompte especial amb la seua entrada. Per a m\u00e9s informaci\u00f3, accedisca a: <a href=\"https:\/\/www.parkingcentroalicante.es\">www.parkingcentroalicante.es<\/a><\/p>\n\n<h3 class=\"wp-block-heading\">INFORMACI\u00d3<\/h3>\n\n<p>Teatre Principal d\u2019Alacant<br\/>Plaza de Ruperto Chap\u00ed s\/n &#8211; 03001 \u2013 Alacant Telf: 965 203 100 Extensi\u00f3 1 <a href=\"mailto:informacion@teatroprincipaldealicante.com\">informacion@teatroprincipaldealicante.com<\/a> <\/p>\n","protected":false},"excerpt":{"rendered":"<p>ENTRADES Comprove les seues entrades en taquilla (data, lloc, zona\u2026). Una vegada adquirides, no s\u2019admeten canvis de localitats. \u00danicament s\u2019admet devoluci\u00f3 de l\u2019import de la localitat per suspensi\u00f3 o ajornament de la representaci\u00f3. Guarde les seues localitats fins al final de l\u2019espectacle, podran ser requerides pel responsable de la sala. ASSIST\u00c8NCIA No es podr\u00e0 accedir [&hellip;]<\/p>\n","protected":false},"author":1,"featured_media":0,"parent":0,"menu_order":0,"comment_status":"closed","ping_status":"closed","template":"","meta":{"footnotes":""},"class_list":["post-3652","page","type-page","status-publish","hentry"],"_links":{"self":[{"href":"https:\/\/www.teatroprincipaldealicante.com\/val\/wp-json\/wp\/v2\/pages\/3652","targetHints":{"allow":["GET"]}}],"collection":[{"href":"https:\/\/www.teatroprincipaldealicante.com\/val\/wp-json\/wp\/v2\/pages"}],"about":[{"href":"https:\/\/www.teatroprincipaldealicante.com\/val\/wp-json\/wp\/v2\/types\/page"}],"author":[{"embeddable":true,"href":"https:\/\/www.teatroprincipaldealicante.com\/val\/wp-json\/wp\/v2\/users\/1"}],"replies":[{"embeddable":true,"href":"https:\/\/www.teatroprincipaldealicante.com\/val\/wp-json\/wp\/v2\/comments?post=3652"}],"version-history":[{"count":4,"href":"https:\/\/www.teatroprincipaldealicante.com\/val\/wp-json\/wp\/v2\/pages\/3652\/revisions"}],"predecessor-version":[{"id":4053,"href":"https:\/\/www.teatroprincipaldealicante.com\/val\/wp-json\/wp\/v2\/pages\/3652\/revisions\/4053"}],"wp:attachment":[{"href":"https:\/\/www.teatroprincipaldealicante.com\/val\/wp-json\/wp\/v2\/media?parent=3652"}],"curies":[{"name":"wp","href":"https:\/\/api.w.org\/{rel}","templated":true}]}}