{"id":4060,"date":"2022-09-05T11:20:41","date_gmt":"2022-09-05T09:20:41","guid":{"rendered":"https:\/\/www.teatroprincipaldealicante.com\/historia-arquitectura-i-ciutat\/"},"modified":"2022-09-22T09:40:43","modified_gmt":"2022-09-22T07:40:43","slug":"historia-arquitectura-i-ciutat","status":"publish","type":"page","link":"https:\/\/www.teatroprincipaldealicante.com\/val\/historia-arquitectura-i-ciutat\/","title":{"rendered":"Hist\u00f2ria, arquitectura i ciutat"},"content":{"rendered":"\n<h2 class=\"wp-block-heading\">El Teatre Principal t\u00e9 una extensa hist\u00f2ria de 175 anys. \u00c9s testimoniatge, refer\u00e8ncia i magn\u00edfica arquitectura hist\u00f2rica de la ciutat d&#8217;Alacant.<\/h2>\n\n\n\n<p>En els anys quaranta del segle XIX la burgesia alacantina de propietaris dedicats al comer\u00e7 era din\u00e0mica i emprenedora. A m\u00e9s del comer\u00e7 local, Alacant, ciutat mar\u00edtima, era un dels llocs de recepci\u00f3 i distribuci\u00f3 de productes colonials i altres mercaderies a l&#8217;interior de la pen\u00ednsula. A ells els unia el seu estatus i tamb\u00e9 la idea d&#8217;al\u00e7ar el seu temple, el seu teatre burg\u00e9s. Nou, exempt, monumental, representatiu, fora de la ciutat hist\u00f2rica. Gr\u00e0cies a aqueixa elit de comerciants, propietaris i dos nobles, que van avalar i van pagar el pr\u00e9stec per a fer realitat la construcci\u00f3. I a l&#8217;Ajuntament que va cedir el terreny, al carrer Barranquet (actual Avinguda de la Constituci\u00f3), per una suma simb\u00f2lica.<\/p>\n\n\n\n<p>En 1847 Emilio Jover Pierron (Nancy, 1812 Alacant, 1854), arquitecte per la Reial Acad\u00e8mia de Sant Ferran i arquitecte municipal ho projecta i ho converteix en referent arquitect\u00f2nic de la ciutat d&#8217;Alacant i tamb\u00e9 de la tipologia teatral, de la primera meitat del segle XIX, com s&#8217;aprecia clarament en la imatge del dibuix de l&#8217;arquitecte.<\/p>\n\n\n\n<figure class=\"wp-block-image size-large\"><img fetchpriority=\"high\" decoding=\"async\" width=\"1024\" height=\"741\" src=\"https:\/\/www.teatroprincipaldealicante.com\/wp-content\/uploads\/2022\/09\/1847_semanario_el_mensajero.dibujo_emilio_jover-1024x741.jpg\" alt=\"\" class=\"wp-image-3521\" srcset=\"https:\/\/www.teatroprincipaldealicante.com\/wp-content\/uploads\/2022\/09\/1847_semanario_el_mensajero.dibujo_emilio_jover-1024x741.jpg 1024w, https:\/\/www.teatroprincipaldealicante.com\/wp-content\/uploads\/2022\/09\/1847_semanario_el_mensajero.dibujo_emilio_jover-300x217.jpg 300w, https:\/\/www.teatroprincipaldealicante.com\/wp-content\/uploads\/2022\/09\/1847_semanario_el_mensajero.dibujo_emilio_jover-768x556.jpg 768w, https:\/\/www.teatroprincipaldealicante.com\/wp-content\/uploads\/2022\/09\/1847_semanario_el_mensajero.dibujo_emilio_jover.jpg 1185w\" sizes=\"(max-width: 1024px) 100vw, 1024px\" \/><figcaption><em>Teatre dibuixe d&#8217;Emilio Jover. Col\u00b7lecci\u00f3 particular.1847. Setmanari El missatger.<\/em><\/figcaption><\/figure>\n\n\n\n<p>La denominaci\u00f3 de Teatre Nou, constru\u00eft i inaugurat en 1847, est\u00e0 relacionada amb la del Teatre Vell, que estava situat al carrer Liorna, actual L\u00f3pez Torregrosa. L&#8217;edifici destaca per la seua ubicaci\u00f3 exempta, la seua monumentalitat amb una fa\u00e7ana principal d&#8217;ordre gegant amb sis columnes de fust llis, acabat per un front\u00f3 triangular. En la fa\u00e7ana posterior i laterals, de carreus de pedra, es disposa una seriaci\u00f3 acad\u00e8mica d&#8217;obertures en cadascun dels pisos, i com a l\u00ednia de rematada una potent cornisa, que en la seua primera \u00e8poca estava coronada per una balustrada. Aix\u00ed com s&#8217;aprecia en el gravat amb coberta de dos vessants.<\/p>\n\n\n\n<figure class=\"wp-block-image size-large\"><img decoding=\"async\" width=\"1024\" height=\"649\" src=\"https:\/\/www.teatroprincipaldealicante.com\/wp-content\/uploads\/2022\/09\/1910_ca.postal_archivo_municipal_de_alicante-1024x649.jpg\" alt=\"\" class=\"wp-image-3525\" srcset=\"https:\/\/www.teatroprincipaldealicante.com\/wp-content\/uploads\/2022\/09\/1910_ca.postal_archivo_municipal_de_alicante-1024x649.jpg 1024w, https:\/\/www.teatroprincipaldealicante.com\/wp-content\/uploads\/2022\/09\/1910_ca.postal_archivo_municipal_de_alicante-300x190.jpg 300w, https:\/\/www.teatroprincipaldealicante.com\/wp-content\/uploads\/2022\/09\/1910_ca.postal_archivo_municipal_de_alicante-768x487.jpg 768w, https:\/\/www.teatroprincipaldealicante.com\/wp-content\/uploads\/2022\/09\/1910_ca.postal_archivo_municipal_de_alicante-1536x973.jpg 1536w, https:\/\/www.teatroprincipaldealicante.com\/wp-content\/uploads\/2022\/09\/1910_ca.postal_archivo_municipal_de_alicante.jpg 1731w\" sizes=\"(max-width: 1024px) 100vw, 1024px\" \/><figcaption><em>1910. Postal arxiu municipal d&#8217;Alacant<\/em><\/figcaption><\/figure>\n\n\n\n<p>A principis del segle XX, l&#8217;arquitecte Juan Vicente Santaf\u00e9, va elevar la coberta, i aix\u00ed es va mantindre fins que en 1939 va patir una destrucci\u00f3 parcial per un bombardeig sobre l&#8217;edifici. Juan Vidal Ramos va ser l&#8217;arquitecte d&#8217;aqueixa restauraci\u00f3. Es va reinaugurar en 1941. Al Teatre Principal la burgesia anava en carruatges i en baixar comen\u00e7ava el ritual d&#8217;acc\u00e9s, del p\u00f2rtic, al vest\u00edbul i d&#8217;aquest a les escales, a les llotges o a la sala d&#8217;\u00e0mplies dimensions en forma de ferradura i, visual i ac\u00fasticament resolta per a les representacions esc\u00e8niques. Destaca l&#8217;ordenada ornamentaci\u00f3, les llums i la gran aranya central.<\/p>\n\n\n\n<figure class=\"wp-block-image size-large\"><img decoding=\"async\" width=\"1024\" height=\"678\" src=\"https:\/\/www.teatroprincipaldealicante.com\/wp-content\/uploads\/2022\/09\/1991_vista_exterior_obras_en_el_escenario_del_teatro.foto_jose_manuel_carratala_baeza-1024x678.jpg\" alt=\"\" class=\"wp-image-3540\" srcset=\"https:\/\/www.teatroprincipaldealicante.com\/wp-content\/uploads\/2022\/09\/1991_vista_exterior_obras_en_el_escenario_del_teatro.foto_jose_manuel_carratala_baeza-1024x678.jpg 1024w, https:\/\/www.teatroprincipaldealicante.com\/wp-content\/uploads\/2022\/09\/1991_vista_exterior_obras_en_el_escenario_del_teatro.foto_jose_manuel_carratala_baeza-300x199.jpg 300w, https:\/\/www.teatroprincipaldealicante.com\/wp-content\/uploads\/2022\/09\/1991_vista_exterior_obras_en_el_escenario_del_teatro.foto_jose_manuel_carratala_baeza-768x509.jpg 768w, https:\/\/www.teatroprincipaldealicante.com\/wp-content\/uploads\/2022\/09\/1991_vista_exterior_obras_en_el_escenario_del_teatro.foto_jose_manuel_carratala_baeza-1536x1018.jpg 1536w, https:\/\/www.teatroprincipaldealicante.com\/wp-content\/uploads\/2022\/09\/1991_vista_exterior_obras_en_el_escenario_del_teatro.foto_jose_manuel_carratala_baeza.jpg 1920w\" sizes=\"(max-width: 1024px) 100vw, 1024px\" \/><figcaption><em>Vista exterior obres en l&#8217;escenari del teatre. 1991. Foto Jos\u00e9 Manuel Carratal\u00e1 Baeza<\/em><\/figcaption><\/figure>\n\n\n\n<p>L&#8217;arquitecte Alfonso Navarro va presentar al Ministeri d&#8217;Obres P\u00fabliques el projecte de rehabilitaci\u00f3 i restauraci\u00f3 del Teatre Principal, en 1985, algunes q\u00fcestions van retardar l&#8217;inici de les obres. Entre els canvis arquitect\u00f2nics en l&#8217;edifici destaca el d&#8217;una nova construcci\u00f3 per a ampliar en superf\u00edcie i en altura la caixa esc\u00e8nica amb una nova pinta per a la maquinaria teatral aix\u00ed com l&#8217;espec\u00edfica d&#8217;efectes especials i telons. Tamb\u00e9 es remodela l&#8217;espai del fossat de l&#8217;orquestra. Els camerinos es traslladen a un espai constru\u00eft i situat sota la pla\u00e7a de Ruperto Chap\u00ed. Es redecora l&#8217;interior de la sala i es restauren les fa\u00e7anes de l&#8217;edifici.<\/p>\n\n\n\n<p>*<em>Juana Mar\u00eda Balsalobre. Comissaria del 175 aniversari Teatre Principal d&#8217;Alacant<\/em><\/p>\n\n\n\n<figure class=\"wp-block-embed is-type-wp-embed is-provider-el-blog-de-la-biblioteca-virtual-miguel-de-cervantes wp-block-embed-el-blog-de-la-biblioteca-virtual-miguel-de-cervantes\"><div class=\"wp-block-embed__wrapper\">\n<blockquote class=\"wp-embedded-content\" data-secret=\"hk0tShErLE\"><a href=\"https:\/\/blog.cervantesvirtual.com\/catalogo-del-175-aniversario-del-teatro-principal\/\">Cat\u00e1logo del 175 Aniversario del Teatro Principal<\/a><\/blockquote><iframe class=\"wp-embedded-content\" sandbox=\"allow-scripts\" security=\"restricted\" style=\"position: absolute; clip: rect(1px, 1px, 1px, 1px);\" title=\"\u00abCat\u00e1logo del 175 Aniversario del Teatro Principal\u00bb \u2014 El Blog de la Biblioteca Virtual Miguel de Cervantes\" src=\"https:\/\/blog.cervantesvirtual.com\/catalogo-del-175-aniversario-del-teatro-principal\/embed\/#?secret=O8qEp0BH0J#?secret=hk0tShErLE\" data-secret=\"hk0tShErLE\" width=\"600\" height=\"338\" frameborder=\"0\" marginwidth=\"0\" marginheight=\"0\" scrolling=\"no\"><\/iframe>\n<\/div><\/figure>\n\n\n\n<figure class=\"wp-block-gallery has-nested-images columns-default is-cropped wp-block-gallery-1 is-layout-flex wp-block-gallery-is-layout-flex\">\n<figure class=\"wp-block-image size-large\"><a href=\"https:\/\/www.teatroprincipaldealicante.com\/wp-content\/uploads\/2022\/09\/1950_ca.Interior_teatro.foto_sanchez.archivo_municipal_de_alicante-1024x660.jpg\"><img loading=\"lazy\" decoding=\"async\" width=\"1024\" height=\"660\" data-id=\"3532\" src=\"https:\/\/www.teatroprincipaldealicante.com\/wp-content\/uploads\/2022\/09\/1950_ca.Interior_teatro.foto_sanchez.archivo_municipal_de_alicante-1024x660.jpg\" alt=\"\" class=\"wp-image-3532\" srcset=\"https:\/\/www.teatroprincipaldealicante.com\/wp-content\/uploads\/2022\/09\/1950_ca.Interior_teatro.foto_sanchez.archivo_municipal_de_alicante-1024x660.jpg 1024w, https:\/\/www.teatroprincipaldealicante.com\/wp-content\/uploads\/2022\/09\/1950_ca.Interior_teatro.foto_sanchez.archivo_municipal_de_alicante-300x193.jpg 300w, https:\/\/www.teatroprincipaldealicante.com\/wp-content\/uploads\/2022\/09\/1950_ca.Interior_teatro.foto_sanchez.archivo_municipal_de_alicante-768x495.jpg 768w, https:\/\/www.teatroprincipaldealicante.com\/wp-content\/uploads\/2022\/09\/1950_ca.Interior_teatro.foto_sanchez.archivo_municipal_de_alicante-1536x990.jpg 1536w, https:\/\/www.teatroprincipaldealicante.com\/wp-content\/uploads\/2022\/09\/1950_ca.Interior_teatro.foto_sanchez.archivo_municipal_de_alicante.jpg 1920w\" sizes=\"(max-width: 1024px) 100vw, 1024px\" \/><\/a><figcaption>1950 Interior teatre. Foto Sanchez. Arxiu municipal d&#8217;Alacant<\/figcaption><\/figure>\n\n\n\n<figure class=\"wp-block-image size-large\"><a href=\"https:\/\/www.teatroprincipaldealicante.com\/wp-content\/uploads\/2022\/09\/1947_foto_sanchez.archivo_municipal_de_alicante-1024x839.jpg\"><img loading=\"lazy\" decoding=\"async\" width=\"1024\" height=\"839\" data-id=\"3531\" src=\"https:\/\/www.teatroprincipaldealicante.com\/wp-content\/uploads\/2022\/09\/1947_foto_sanchez.archivo_municipal_de_alicante-1024x839.jpg\" alt=\"\" class=\"wp-image-3531\" srcset=\"https:\/\/www.teatroprincipaldealicante.com\/wp-content\/uploads\/2022\/09\/1947_foto_sanchez.archivo_municipal_de_alicante-1024x839.jpg 1024w, https:\/\/www.teatroprincipaldealicante.com\/wp-content\/uploads\/2022\/09\/1947_foto_sanchez.archivo_municipal_de_alicante-300x246.jpg 300w, https:\/\/www.teatroprincipaldealicante.com\/wp-content\/uploads\/2022\/09\/1947_foto_sanchez.archivo_municipal_de_alicante-768x630.jpg 768w, https:\/\/www.teatroprincipaldealicante.com\/wp-content\/uploads\/2022\/09\/1947_foto_sanchez.archivo_municipal_de_alicante-1536x1259.jpg 1536w, https:\/\/www.teatroprincipaldealicante.com\/wp-content\/uploads\/2022\/09\/1947_foto_sanchez.archivo_municipal_de_alicante.jpg 1920w\" sizes=\"(max-width: 1024px) 100vw, 1024px\" \/><\/a><figcaption>1947. Foto Sanchez. Arxiu municipal d&#8217;Alacant<\/figcaption><\/figure>\n\n\n\n<figure class=\"wp-block-image size-large\"><a href=\"https:\/\/www.teatroprincipaldealicante.com\/wp-content\/uploads\/2022\/09\/actualidad_foto_teatro_principal_de_alicante-1024x683.jpg\"><img loading=\"lazy\" decoding=\"async\" width=\"1024\" height=\"683\" data-id=\"3535\" src=\"https:\/\/www.teatroprincipaldealicante.com\/wp-content\/uploads\/2022\/09\/actualidad_foto_teatro_principal_de_alicante-1024x683.jpg\" alt=\"\" class=\"wp-image-3535\" srcset=\"https:\/\/www.teatroprincipaldealicante.com\/wp-content\/uploads\/2022\/09\/actualidad_foto_teatro_principal_de_alicante-1024x683.jpg 1024w, https:\/\/www.teatroprincipaldealicante.com\/wp-content\/uploads\/2022\/09\/actualidad_foto_teatro_principal_de_alicante-300x200.jpg 300w, https:\/\/www.teatroprincipaldealicante.com\/wp-content\/uploads\/2022\/09\/actualidad_foto_teatro_principal_de_alicante-768x512.jpg 768w, https:\/\/www.teatroprincipaldealicante.com\/wp-content\/uploads\/2022\/09\/actualidad_foto_teatro_principal_de_alicante-1536x1024.jpg 1536w, https:\/\/www.teatroprincipaldealicante.com\/wp-content\/uploads\/2022\/09\/actualidad_foto_teatro_principal_de_alicante.jpg 1920w\" sizes=\"(max-width: 1024px) 100vw, 1024px\" \/><\/a><figcaption>Actualitat foto Teatre Principal d&#8217;Alacant<\/figcaption><\/figure>\n<\/figure>\n","protected":false},"excerpt":{"rendered":"<p>El Teatre Principal t\u00e9 una extensa hist\u00f2ria de 175 anys. \u00c9s testimoniatge, refer\u00e8ncia i magn\u00edfica arquitectura hist\u00f2rica de la ciutat d&#8217;Alacant. En els anys quaranta del segle XIX la burgesia alacantina de propietaris dedicats al comer\u00e7 era din\u00e0mica i emprenedora. A m\u00e9s del comer\u00e7 local, Alacant, ciutat mar\u00edtima, era un dels llocs de recepci\u00f3 i [&hellip;]<\/p>\n","protected":false},"author":1,"featured_media":0,"parent":0,"menu_order":0,"comment_status":"closed","ping_status":"closed","template":"","meta":{"footnotes":""},"class_list":["post-4060","page","type-page","status-publish","hentry"],"_links":{"self":[{"href":"https:\/\/www.teatroprincipaldealicante.com\/val\/wp-json\/wp\/v2\/pages\/4060","targetHints":{"allow":["GET"]}}],"collection":[{"href":"https:\/\/www.teatroprincipaldealicante.com\/val\/wp-json\/wp\/v2\/pages"}],"about":[{"href":"https:\/\/www.teatroprincipaldealicante.com\/val\/wp-json\/wp\/v2\/types\/page"}],"author":[{"embeddable":true,"href":"https:\/\/www.teatroprincipaldealicante.com\/val\/wp-json\/wp\/v2\/users\/1"}],"replies":[{"embeddable":true,"href":"https:\/\/www.teatroprincipaldealicante.com\/val\/wp-json\/wp\/v2\/comments?post=4060"}],"version-history":[{"count":4,"href":"https:\/\/www.teatroprincipaldealicante.com\/val\/wp-json\/wp\/v2\/pages\/4060\/revisions"}],"predecessor-version":[{"id":4625,"href":"https:\/\/www.teatroprincipaldealicante.com\/val\/wp-json\/wp\/v2\/pages\/4060\/revisions\/4625"}],"wp:attachment":[{"href":"https:\/\/www.teatroprincipaldealicante.com\/val\/wp-json\/wp\/v2\/media?parent=4060"}],"curies":[{"name":"wp","href":"https:\/\/api.w.org\/{rel}","templated":true}]}}