{"id":4672,"date":"2022-09-05T16:06:23","date_gmt":"2022-09-05T14:06:23","guid":{"rendered":"https:\/\/www.teatroprincipaldealicante.com\/residencia-lirica-maestro-chapi\/"},"modified":"2022-09-22T13:43:14","modified_gmt":"2022-09-22T11:43:14","slug":"residencia-lirica-maestro-chapi","status":"publish","type":"page","link":"https:\/\/www.teatroprincipaldealicante.com\/val\/residencia-lirica-maestro-chapi\/","title":{"rendered":"Resid\u00e8ncia L\u00edrica Maestro Chap\u00ed"},"content":{"rendered":"\t\t<div data-elementor-type=\"wp-page\" data-elementor-id=\"4672\" class=\"elementor elementor-4672 elementor-2140\" data-elementor-post-type=\"page\">\n\t\t\t\t\t\t<section class=\"elementor-section elementor-top-section elementor-element elementor-element-aaf5799 elementor-section-full_width elementor-section-stretched elementor-section-height-default elementor-section-height-default\" data-id=\"aaf5799\" data-element_type=\"section\" data-e-type=\"section\" data-settings=\"{&quot;stretch_section&quot;:&quot;section-stretched&quot;}\">\n\t\t\t\t\t\t<div class=\"elementor-container elementor-column-gap-default\">\n\t\t\t\t\t<div class=\"elementor-column elementor-col-66 elementor-top-column elementor-element elementor-element-f123741\" data-id=\"f123741\" data-element_type=\"column\" data-e-type=\"column\">\n\t\t\t<div class=\"elementor-widget-wrap elementor-element-populated\">\n\t\t\t\t\t\t<div data-dce-text-color=\"#000000\" class=\"elementor-element elementor-element-aee2114 elementor-widget elementor-widget-text-editor\" data-id=\"aee2114\" data-element_type=\"widget\" data-e-type=\"widget\" data-widget_type=\"text-editor.default\">\n\t\t\t\t<div class=\"elementor-widget-container\">\n\t\t\t\t\t\t\t\t\t<p><span style=\"font-weight: 400;\">En 2018, el Teatre Principal d&#8217;Alacant va posar en marxa la seua I Resid\u00e8ncia L\u00edrica Maestro Chap\u00ed. Una plataforma per a les manifestacions art\u00edstiques locals i per a potenciar nous p\u00fablics que naix de la necessitat d&#8217;ampliar el ventall d&#8217;iniciatives que en els \u00faltims anys han posicionat al Teatre Principal en tot un referent cultural. <\/span><\/p>\n\t\t\t\t\t\t\t\t<\/div>\n\t\t\t\t<\/div>\n\t\t\t\t\t<\/div>\n\t\t<\/div>\n\t\t\t\t<div class=\"elementor-column elementor-col-33 elementor-top-column elementor-element elementor-element-12148e9\" data-id=\"12148e9\" data-element_type=\"column\" data-e-type=\"column\">\n\t\t\t<div class=\"elementor-widget-wrap\">\n\t\t\t\t\t\t\t<\/div>\n\t\t<\/div>\n\t\t\t\t\t<\/div>\n\t\t<\/section>\n\t\t\t\t<section class=\"elementor-section elementor-top-section elementor-element elementor-element-769c138 elementor-section-full_width elementor-section-stretched elementor-section-height-default elementor-section-height-default\" data-id=\"769c138\" data-element_type=\"section\" data-e-type=\"section\" data-settings=\"{&quot;stretch_section&quot;:&quot;section-stretched&quot;}\">\n\t\t\t\t\t\t<div class=\"elementor-container elementor-column-gap-default\">\n\t\t\t\t\t<div class=\"elementor-column elementor-col-66 elementor-top-column elementor-element elementor-element-4629153\" data-id=\"4629153\" data-element_type=\"column\" data-e-type=\"column\">\n\t\t\t<div class=\"elementor-widget-wrap elementor-element-populated\">\n\t\t\t\t\t\t<div class=\"elementor-element elementor-element-e02b7ca elementor-tabs-view-vertical elementor-widget elementor-widget-tabs\" data-id=\"e02b7ca\" data-element_type=\"widget\" data-e-type=\"widget\" data-widget_type=\"tabs.default\">\n\t\t\t\t<div class=\"elementor-widget-container\">\n\t\t\t\t\t\t\t<div class=\"elementor-tabs\">\n\t\t\t<div class=\"elementor-tabs-wrapper\" role=\"tablist\" >\n\t\t\t\t\t\t\t\t\t<div id=\"elementor-tab-title-2351\" class=\"elementor-tab-title elementor-tab-desktop-title\" aria-selected=\"true\" data-tab=\"1\" role=\"tab\" tabindex=\"0\" aria-controls=\"elementor-tab-content-2351\" aria-expanded=\"false\">I Resid\u00e8ncia L\u00edrica Maestro Chap\u00ed<\/div>\n\t\t\t\t\t\t\t\t\t<div id=\"elementor-tab-title-2352\" class=\"elementor-tab-title elementor-tab-desktop-title\" aria-selected=\"false\" data-tab=\"2\" role=\"tab\" tabindex=\"-1\" aria-controls=\"elementor-tab-content-2352\" aria-expanded=\"false\">II Resid\u00e8ncia L\u00edrica Maestro Chap\u00ed<\/div>\n\t\t\t\t\t\t\t\t\t<div id=\"elementor-tab-title-2353\" class=\"elementor-tab-title elementor-tab-desktop-title\" aria-selected=\"false\" data-tab=\"3\" role=\"tab\" tabindex=\"-1\" aria-controls=\"elementor-tab-content-2353\" aria-expanded=\"false\">III Resid\u00e8ncia L\u00edrica Maestro Chap\u00ed<\/div>\n\t\t\t\t\t\t\t\t\t<div id=\"elementor-tab-title-2354\" class=\"elementor-tab-title elementor-tab-desktop-title\" aria-selected=\"false\" data-tab=\"4\" role=\"tab\" tabindex=\"-1\" aria-controls=\"elementor-tab-content-2354\" aria-expanded=\"false\">IV Resid\u00e8ncia L\u00edrica Maestro Chap\u00ed<\/div>\n\t\t\t\t\t\t\t\t\t<div id=\"elementor-tab-title-2355\" class=\"elementor-tab-title elementor-tab-desktop-title\" aria-selected=\"false\" data-tab=\"5\" role=\"tab\" tabindex=\"-1\" aria-controls=\"elementor-tab-content-2355\" aria-expanded=\"false\">V Resid\u00e8ncia L\u00edrica Maestro Chap\u00ed<\/div>\n\t\t\t\t\t\t\t<\/div>\n\t\t\t<div class=\"elementor-tabs-content-wrapper\" role=\"tablist\" aria-orientation=\"vertical\">\n\t\t\t\t\t\t\t\t\t<div class=\"elementor-tab-title elementor-tab-mobile-title\" aria-selected=\"true\" data-tab=\"1\" role=\"tab\" tabindex=\"0\" aria-controls=\"elementor-tab-content-2351\" aria-expanded=\"false\">I Resid\u00e8ncia L\u00edrica Maestro Chap\u00ed<\/div>\n\t\t\t\t\t<div id=\"elementor-tab-content-2351\" class=\"elementor-tab-content elementor-clearfix\" data-tab=\"1\" role=\"tabpanel\" aria-labelledby=\"elementor-tab-title-2351\" tabindex=\"0\" hidden=\"false\"><p><span style=\"font-weight: 400;\">La Companyia L\u00edrica Alacantina es va convertir en la primera companyia l\u00edrica resident del Principal amb la seua obra \u201c<\/span><b>Do\u00f1a Francisquita\u201d<\/b><span style=\"font-weight: 400;\">, la primera sarsuela gestada sota els murs del Principal amb el suport de la \u201cI Resid\u00e8ncia l\u00edrica Maestro Chap\u00ed\u201d. <\/span><br \/>\n<br \/><\/br><br \/>\n<span style=\"font-weight: 400;\">\u201cDonya Francisquita\u201d \u00e9s una sarsuela en tres actes, amb llibret de Federico Romero Sarachaga i Guillermo Fern\u00e1ndez-Shaw Iturralde, basada en la com\u00e8dia \u201cLa discreta enamorada\u201d de Lope de Vega, amb m\u00fasica del mestre Amadeo Vives, que es va estrenar en el Teatre Apol\u00b7lo de Madrid en els anys 20.<\/span><br \/>\n<br \/><\/br><br \/>\n<span style=\"font-weight: 400;\">L&#8217;acci\u00f3 se situa al Madrid rom\u00e0ntic de mitjan segle XIX, durant el carnestoltes. Se la considera com una de les m\u00e9s grans obres de la sarsuela, asseient model dins del g\u00e8nere gran. El llibret, basat lliurement en la com\u00e8dia de Lope de Vega, retrata el Madrid rom\u00e0ntic d&#8217;una manera po\u00e8tica i fidel, creant quadres de gran colorit i vivor. Per les seues caracter\u00edstiques pot definir-se tamb\u00e9 com una \u00f2pera c\u00f2mica de gran qualitat.<\/span><br \/>\n<br \/><\/br><br \/>\n<iframe title=\"YouTube video player\" src=\"https:\/\/www.youtube.com\/embed\/WVBEArnMmyc\" width=\"560\" height=\"315\" frameborder=\"0\" allowfullscreen=\"allowfullscreen\"><\/iframe><\/p>\n<\/div>\n\t\t\t\t\t\t\t\t\t<div class=\"elementor-tab-title elementor-tab-mobile-title\" aria-selected=\"false\" data-tab=\"2\" role=\"tab\" tabindex=\"-1\" aria-controls=\"elementor-tab-content-2352\" aria-expanded=\"false\">II Resid\u00e8ncia L\u00edrica Maestro Chap\u00ed<\/div>\n\t\t\t\t\t<div id=\"elementor-tab-content-2352\" class=\"elementor-tab-content elementor-clearfix\" data-tab=\"2\" role=\"tabpanel\" aria-labelledby=\"elementor-tab-title-2352\" tabindex=\"0\" hidden=\"hidden\"><p><span style=\"font-weight: 400;\">En 2019, la Companyia L\u00edrica Alacantina va guanyar la II Resid\u00e8ncia L\u00edrica Maestro Chap\u00ed, amb \u201c<\/span><b>La Corte del Fara\u00f3n\u201d<\/b><span style=\"font-weight: 400;\"> que va comptar amb la col\u00b7laboraci\u00f3 especial de l&#8217;Orquestra Simf\u00f2nica del Vinalop\u00f3 i del Cor del Teatre Principal d&#8217;Alacant, amb un extens repartiment encap\u00e7alat per Mari Carmen Yelo, Juana Mar\u00eda del Bou, Javier Rubio, Adri\u00e1n Qui\u00f1ones i Nacho Hern\u00e1ndez. <\/span><br \/>\n<br \/><\/br><br \/>\n<span style=\"font-weight: 400;\">Aquesta opereta b\u00edblica en un acte i cinc quadres \u00e9s una sarsuela que mescla elements d&#8217;opereta, sarsuela, revista, i fins i tot cuplet \u00e9s famosa pels seus di\u00e0legs plens d&#8217;insinuacions i connotacions sexuals, can\u00e7ons d&#8217;aroma picant i embolics de tall vodevilesc, que va estar de moda durant el primer ter\u00e7 del segle XX. <\/span><br \/>\n<br \/><\/br><br \/>\n&nbsp;<br \/>\n<iframe width=\"560\" height=\"315\" src=\"https:\/\/www.youtube.com\/embed\/eqKqVmxm8f0\" title=\"YouTube video player\" frameborder=\"0\" allow=\"accelerometer; autoplay; clipboard-write; encrypted-media; gyroscope; picture-in-picture\" allowfullscreen=\"\"><\/iframe><\/p>\n<\/div>\n\t\t\t\t\t\t\t\t\t<div class=\"elementor-tab-title elementor-tab-mobile-title\" aria-selected=\"false\" data-tab=\"3\" role=\"tab\" tabindex=\"-1\" aria-controls=\"elementor-tab-content-2353\" aria-expanded=\"false\">III Resid\u00e8ncia L\u00edrica Maestro Chap\u00ed<\/div>\n\t\t\t\t\t<div id=\"elementor-tab-content-2353\" class=\"elementor-tab-content elementor-clearfix\" data-tab=\"3\" role=\"tabpanel\" aria-labelledby=\"elementor-tab-title-2353\" tabindex=\"0\" hidden=\"hidden\"><p>En 2020 va guanyar la III Resid\u00e8ncia \u201c<strong>El hu\u00e9sped sevillano\u201d<\/strong>, de la Companyia L\u00edrica al costat de l&#8217;Orquestra Simf\u00f2nica del Vinalop\u00f3 i el Cor del Teatre Principal d&#8217;Alacant.<\/p>\n<p>En la imperial ciutat de Toledo, i a principis del segle XVII, Juan Luis, un pintor de la cort, t\u00e9 l&#8217;enc\u00e0rrec del rei perqu\u00e8 pinte una Verge Immaculada amb destinaci\u00f3 al Real Oratori. L&#8217;artista espera trobar a Toledo la model que li servisca per a realitzar la seua obra. Coneix a Raqu\u00e9l, dona de bellesa extraordin\u00e0ria i filla de mestra Andr\u00e9s Munestein i immediatament queda corpr\u00e9s de la seua bellesa: \u00e9s la dona que busca per al seu quadre. El comte don Diego, aprofitant l&#8217;eixida de la jove Raqu\u00e9l de la seua casa, cam\u00ed de l&#8217;esgl\u00e9sia, la fa la seua presonera, portant-li-la a la Fonda del Sevill\u00e0, en espera de l&#8217;ocasi\u00f3 per a traure-la de la ciutat.<\/p>\n<\/div>\n\t\t\t\t\t\t\t\t\t<div class=\"elementor-tab-title elementor-tab-mobile-title\" aria-selected=\"false\" data-tab=\"4\" role=\"tab\" tabindex=\"-1\" aria-controls=\"elementor-tab-content-2354\" aria-expanded=\"false\">IV Resid\u00e8ncia L\u00edrica Maestro Chap\u00ed<\/div>\n\t\t\t\t\t<div id=\"elementor-tab-content-2354\" class=\"elementor-tab-content elementor-clearfix\" data-tab=\"4\" role=\"tabpanel\" aria-labelledby=\"elementor-tab-title-2354\" tabindex=\"0\" hidden=\"hidden\"><p><span style=\"font-weight: 400;\">En 2021 va guanyar la IV Resid\u00e8ncia la Companyia L\u00edrica Alacantina al costat de l&#8217;Orquestra Simf\u00f2nica del Vinalop\u00f3 \u200b\u200bamb<\/span><b> \u201cLa rosa del azafr\u00e1n\u201d. <\/b> <span style=\"font-weight: 400;\">Aquesta adaptaci\u00f3 lliure de la novel\u00b7la El Gos de l&#8217;Hortol\u00e0, de Lope de Vega. Prop de quaranta artistes actuen en aquesta sarsuela en dos actes, amb llibret de Federico Romero i Guillermo Fern\u00e1ndez-Shaw, i la m\u00fasica de Jacinto Guerrero, que dirigeix Juanma Cifuentes i il\u00b7lumina Juanjo Llorens.<\/span><\/p>\n<p><span style=\"font-weight: 400;\">A l&#8217;Espanya de la postguerra una dona, Sagrari, decideix fer-se c\u00e0rrec de la finca on es va criar. Fam\u00edlies, com la seua, desmembrades per la guerra, i un propietari, Do Gener\u00f3s, que ha perdut la ra\u00f3 per la ru\u00efna econ\u00f2mica i la mort del seu fill en la guerra, tiren avant en temps molt dif\u00edcils gr\u00e0cies a l&#8217;esfor\u00e7 d&#8217;una dona feta a si mateixa. L&#8217;arribada de Juan Pedro a la finca no suposa major inconvenient fins que aquest fixa els seus ulls en Catalina, una de les treballadores. &#8220;De sobte, li vaig veure enamorat d&#8217;una altra&#8230; i em va donar coratge que no s&#8217;haguera fixat en el meu&#8221;. Las costumbres y las conveniencias sociales de la \u00e9poca convierten ese amor en imposible. Per\u00f2 Cust\u00f2dia, el mestressa de cria de Sagrari, donar\u00e0 amb la soluci\u00f3.<\/span><\/p>\n<\/div>\n\t\t\t\t\t\t\t\t\t<div class=\"elementor-tab-title elementor-tab-mobile-title\" aria-selected=\"false\" data-tab=\"5\" role=\"tab\" tabindex=\"-1\" aria-controls=\"elementor-tab-content-2355\" aria-expanded=\"false\">V Resid\u00e8ncia L\u00edrica Maestro Chap\u00ed<\/div>\n\t\t\t\t\t<div id=\"elementor-tab-content-2355\" class=\"elementor-tab-content elementor-clearfix\" data-tab=\"5\" role=\"tabpanel\" aria-labelledby=\"elementor-tab-title-2355\" tabindex=\"0\" hidden=\"hidden\"><p>Enguany, La Companyia L\u00edrica Alacantina ens presenta <strong>La Viejecita y La Canci\u00f3n del Olvido <\/strong>el pr\u00f2xim 22 de gener 2023.<\/p>\n<p><a href=\"https:\/\/www.teatroprincipaldealicante.com\/val\/obra\/la-viejecita-y-la-cancion-del-olvido\/\"><img fetchpriority=\"high\" decoding=\"async\" class=\"wp-image-2581 size-large alignright\" src=\"https:\/\/www.teatroprincipaldealicante.com\/wp-content\/uploads\/2022\/09\/1-1024x527.jpg\" alt=\"\" width=\"800\" height=\"412\" srcset=\"https:\/\/www.teatroprincipaldealicante.com\/wp-content\/uploads\/2022\/09\/1-1024x527.jpg 1024w, https:\/\/www.teatroprincipaldealicante.com\/wp-content\/uploads\/2022\/09\/1-300x154.jpg 300w, https:\/\/www.teatroprincipaldealicante.com\/wp-content\/uploads\/2022\/09\/1-768x395.jpg 768w, https:\/\/www.teatroprincipaldealicante.com\/wp-content\/uploads\/2022\/09\/1-1536x790.jpg 1536w, https:\/\/www.teatroprincipaldealicante.com\/wp-content\/uploads\/2022\/09\/1-2048x1053.jpg 2048w\" sizes=\"(max-width: 800px) 100vw, 800px\" \/><\/a><\/p>\n<\/div>\n\t\t\t\t\t\t\t<\/div>\n\t\t<\/div>\n\t\t\t\t\t\t<\/div>\n\t\t\t\t<\/div>\n\t\t\t\t\t<\/div>\n\t\t<\/div>\n\t\t\t\t<div class=\"elementor-column elementor-col-33 elementor-top-column elementor-element elementor-element-2b5d3e3\" data-id=\"2b5d3e3\" data-element_type=\"column\" data-e-type=\"column\">\n\t\t\t<div class=\"elementor-widget-wrap\">\n\t\t\t\t\t\t\t<\/div>\n\t\t<\/div>\n\t\t\t\t\t<\/div>\n\t\t<\/section>\n\t\t\t\t<\/div>\n\t\t","protected":false},"excerpt":{"rendered":"<p>En 2018, el Teatre Principal d&#8217;Alacant va posar en marxa la seua I Resid\u00e8ncia L\u00edrica Maestro Chap\u00ed. Una plataforma per a les manifestacions art\u00edstiques locals i per a potenciar nous p\u00fablics que naix de la necessitat d&#8217;ampliar el ventall d&#8217;iniciatives que en els \u00faltims anys han posicionat al Teatre Principal en tot un referent cultural. [&hellip;]<\/p>\n","protected":false},"author":1,"featured_media":0,"parent":0,"menu_order":0,"comment_status":"closed","ping_status":"closed","template":"","meta":{"footnotes":""},"class_list":["post-4672","page","type-page","status-publish","hentry"],"_links":{"self":[{"href":"https:\/\/www.teatroprincipaldealicante.com\/val\/wp-json\/wp\/v2\/pages\/4672","targetHints":{"allow":["GET"]}}],"collection":[{"href":"https:\/\/www.teatroprincipaldealicante.com\/val\/wp-json\/wp\/v2\/pages"}],"about":[{"href":"https:\/\/www.teatroprincipaldealicante.com\/val\/wp-json\/wp\/v2\/types\/page"}],"author":[{"embeddable":true,"href":"https:\/\/www.teatroprincipaldealicante.com\/val\/wp-json\/wp\/v2\/users\/1"}],"replies":[{"embeddable":true,"href":"https:\/\/www.teatroprincipaldealicante.com\/val\/wp-json\/wp\/v2\/comments?post=4672"}],"version-history":[{"count":3,"href":"https:\/\/www.teatroprincipaldealicante.com\/val\/wp-json\/wp\/v2\/pages\/4672\/revisions"}],"predecessor-version":[{"id":4675,"href":"https:\/\/www.teatroprincipaldealicante.com\/val\/wp-json\/wp\/v2\/pages\/4672\/revisions\/4675"}],"wp:attachment":[{"href":"https:\/\/www.teatroprincipaldealicante.com\/val\/wp-json\/wp\/v2\/media?parent=4672"}],"curies":[{"name":"wp","href":"https:\/\/api.w.org\/{rel}","templated":true}]}}